{"id":1177,"date":"2023-10-31T11:18:04","date_gmt":"2023-10-31T11:18:04","guid":{"rendered":"https:\/\/www.woodandlakes.be\/?page_id=1177"},"modified":"2025-02-04T14:03:22","modified_gmt":"2025-02-04T14:03:22","slug":"cookies-richtlinie","status":"publish","type":"page","link":"https:\/\/www.woodandlakes.be\/de\/cookies-richtlinie\/","title":{"rendered":"Cookies-Richtlinie"},"content":{"rendered":"<p>Die vorliegende Erkl\u00e4rung zur Nutzung von Cookies gilt f\u00fcr die Website _______.<\/p>\n<p>Die Website wird betrieben von _______ mit Sitz in _______.<\/p>\n<p>Diese Erkl\u00e4rung soll den Nutzer der Website \u00fcber die auf der Website verwendeten Cookies informieren. Indem Sie die Website besuchen oder nutzen, stimmen Sie der Verwendung von Cookies in der unten beschriebenen Weise ausdr\u00fccklich zu.<\/p>\n<h2>1. Cookies \u2013 Was ist das?<\/h2>\n<p>\u201eCookies\u201c sind kleine Informationsdateien, die \u2013 vor\u00fcbergehend oder nicht \u2013 auf Ihrem Computer oder Ger\u00e4t vom Server einer Website \u00fcber den von Ihnen verwendeten Browser gespeichert werden. Cookies enthalten eindeutige Informationen, die die Erkennung Ihres Browsers w\u00e4hrend Ihres Besuchs sowie gegebenenfalls bei jedem weiteren Besuch erm\u00f6glichen. Cookies erm\u00f6glichen es uns, die Nutzung der Website zu vereinfachen, zu vervollst\u00e4ndigen und zu personalisieren, und erm\u00f6glichen es unseren Partnern, Ihnen gezielte Werbung basierend auf Ihren Interessen oder Vorlieben anzubieten.<\/p>\n<h2>2. Welche Cookies verwenden wir?<\/h2>\n<h3>2.1 Unbedingt erforderliche Cookies<\/h3>\n<p>Diese Cookies sind unerl\u00e4sslich, um die Websites zu besuchen und bestimmte Funktionen zu nutzen. Diese Cookies erm\u00f6glichen Ihnen beispielsweise, zwischen verschiedenen Teilen der Website zu navigieren oder Formulare auszuf\u00fcllen oder auf bestimmte gesch\u00fctzte Bereiche zuzugreifen. Wenn Sie diese Cookies ablehnen, k\u00f6nnen einige Teile der Website m\u00f6glicherweise nicht funktionieren.<\/p>\n<h3>2.2 Funktions-Cookies<\/h3>\n<p>Funktions-Cookies sind Cookies, die den Betrieb der Website erleichtern und angenehmer gestalten und sicherstellen, dass Sie eine personalisierte Browser-Erfahrung genie\u00dfen. Dies sind beispielsweise Cookies, die sich an Ihre Sprachpr\u00e4ferenzen erinnern.<\/p>\n<h3>2.3 Leistungs- und Statistik-Cookies<\/h3>\n<p>Leistungs-Cookies sind Cookies, die darauf abzielen, Informationen dar\u00fcber zu sammeln, wie Besucher die Website nutzen, z. B. Informationen \u00fcber die aufgerufenen Seiten oder die Anzahl der aufgetretenen Fehlermeldungen, um die Nutzung der Website zu analysieren und zu optimieren. Statistik-Cookies erm\u00f6glichen es GOOGLE ANALYTICS, anonyme Informationen zu sammeln, die ihm helfen, zu verstehen, wie Besucher mit der Website interagieren.<\/p>\n<h2>3. Verwaltung der Cookies<\/h2>\n<p>Sie k\u00f6nnen Ihre Cookie-Einstellungen in Ihren Internet-Browsern \u00e4ndern. Diese Einstellungen finden Sie im Men\u00fc \u201eOptionen\u201c oder \u201eEinstellungen\u201c Ihres Internet-Browsers. Um diese Einstellungen zu verstehen, k\u00f6nnten die folgenden Links f\u00fcr Sie n\u00fctzlich sein. Andernfalls sollten Sie die \u201eHilfe\u201c-Option in Ihrem Internet-Browser f\u00fcr weitere Details verwenden.<\/p>\n<ul>\n<li><strong><a href=\"http:\/\/support.microsoft.com\/kb\/196955\" target=\"_blank\" rel=\"noopener noreferrer\">Cookie-Einstellungen im Internet Explorer<\/a><\/strong><\/li>\n<li><strong><a href=\"http:\/\/support.mozilla.org\/en-US\/kb\/cookies-information-websites-store-on-your-computer?redirectlocale=en-US&amp;redirectslug=Cookies\" target=\"_blank\" rel=\"noopener noreferrer\">Cookie-Einstellungen in Mozilla Firefox<\/a><\/strong><\/li>\n<li><strong><a href=\"http:\/\/support.google.com\/chrome\/bin\/answer.py?hl=en&amp;answer=95647\" target=\"_blank\" rel=\"noopener noreferrer\">Cookie-Einstellungen in Google Chrome<\/a><\/strong><\/li>\n<li><strong>Cookie-Einstellungen in Safari <\/strong><a href=\"http:\/\/support.apple.com\/kb\/HT1677\" target=\"_blank\" rel=\"noopener noreferrer\">(MAC)<\/a><\/li>\n<\/ul>\n<h2>4. \u00c4nderungen<\/h2>\n<p>Wir behalten uns das Recht vor, diese Erkl\u00e4rung zur Nutzung von Cookies jederzeit zu \u00e4ndern.<\/p>\n<p>Diese Cookie-Erkl\u00e4rung wurde zuletzt am _______ ge\u00e4ndert und \u00fcberpr\u00fcft.<\/p>\n<h2>Kontaktinformationen<\/h2>\n<p>Das Unternehmen ist verantwortlich f\u00fcr die Verarbeitung dieser Cookies, Dateien und Tags. Wenn dies personenbezogene Daten umfasst, gilt unsere Datenschutzerkl\u00e4rung. F\u00fcr alle Anfragen bez\u00fcglich dieser Cookie-Erkl\u00e4rung oder unserer Datenschutzrichtlinie kontaktieren Sie uns bitte unter folgender E-Mail-Adresse: _______<\/p>\n","protected":false},"excerpt":{"rendered":"<p>Die vorliegende Erkl\u00e4rung zur Nutzung von Cookies gilt f\u00fcr die Website _______. Die Website wird betrieben von _______ mit Sitz in _______. Diese Erkl\u00e4rung soll den Nutzer der Website \u00fcber die auf der Website verwendeten Cookies informieren. Indem Sie die Website besuchen oder nutzen, stimmen Sie der Verwendung von Cookies in der unten beschriebenen Weise [&hellip;]<\/p>\n","protected":false},"author":1,"featured_media":0,"parent":0,"menu_order":22,"comment_status":"closed","ping_status":"closed","template":"page-templates\/page-rgpd.php","meta":{"_acf_changed":false,"inline_featured_image":false,"footnotes":""},"class_list":["post-1177","page","type-page","status-publish","hentry"],"acf":[],"yoast_head":"<!-- This site is optimized with the Yoast SEO plugin v27.4 - https:\/\/yoast.com\/product\/yoast-seo-wordpress\/ -->\n<title>Cookies-Richtlinie - Wood &amp; Lakes<\/title>\n<meta name=\"robots\" content=\"index, follow, max-snippet:-1, max-image-preview:large, max-video-preview:-1\" \/>\n<link rel=\"canonical\" href=\"https:\/\/www.woodandlakes.be\/de\/cookies-richtlinie\/\" \/>\n<meta property=\"og:locale\" content=\"de_DE\" \/>\n<meta property=\"og:type\" content=\"article\" \/>\n<meta property=\"og:title\" content=\"Cookies-Richtlinie - Wood &amp; Lakes\" \/>\n<meta property=\"og:description\" content=\"Die vorliegende Erkl\u00e4rung zur Nutzung von Cookies gilt f\u00fcr die Website _______. Die Website wird betrieben von _______ mit Sitz in _______. Diese Erkl\u00e4rung soll den Nutzer der Website \u00fcber die auf der Website verwendeten Cookies informieren. Indem Sie die Website besuchen oder nutzen, stimmen Sie der Verwendung von Cookies in der unten beschriebenen Weise [&hellip;]\" \/>\n<meta property=\"og:url\" content=\"https:\/\/www.woodandlakes.be\/de\/cookies-richtlinie\/\" \/>\n<meta property=\"og:site_name\" content=\"Wood &amp; Lakes\" \/>\n<meta property=\"article:modified_time\" content=\"2025-02-04T14:03:22+00:00\" \/>\n<meta name=\"twitter:card\" content=\"summary_large_image\" \/>\n<meta name=\"twitter:label1\" content=\"Gesch\u00e4tzte Lesezeit\" \/>\n\t<meta name=\"twitter:data1\" content=\"3\u00a0Minuten\" \/>\n<script type=\"application\/ld+json\" class=\"yoast-schema-graph\">{\"@context\":\"https:\\\/\\\/schema.org\",\"@graph\":[{\"@type\":\"WebPage\",\"@id\":\"https:\\\/\\\/www.woodandlakes.be\\\/de\\\/cookies-richtlinie\\\/\",\"url\":\"https:\\\/\\\/www.woodandlakes.be\\\/de\\\/cookies-richtlinie\\\/\",\"name\":\"Cookies-Richtlinie - Wood &amp; Lakes\",\"isPartOf\":{\"@id\":\"https:\\\/\\\/www.woodandlakes.be\\\/de\\\/#website\"},\"datePublished\":\"2023-10-31T11:18:04+00:00\",\"dateModified\":\"2025-02-04T14:03:22+00:00\",\"breadcrumb\":{\"@id\":\"https:\\\/\\\/www.woodandlakes.be\\\/de\\\/cookies-richtlinie\\\/#breadcrumb\"},\"inLanguage\":\"de\",\"potentialAction\":[{\"@type\":\"ReadAction\",\"target\":[\"https:\\\/\\\/www.woodandlakes.be\\\/de\\\/cookies-richtlinie\\\/\"]}]},{\"@type\":\"BreadcrumbList\",\"@id\":\"https:\\\/\\\/www.woodandlakes.be\\\/de\\\/cookies-richtlinie\\\/#breadcrumb\",\"itemListElement\":[{\"@type\":\"ListItem\",\"position\":1,\"name\":\"Home\",\"item\":\"https:\\\/\\\/www.woodandlakes.be\\\/de\\\/startseite\\\/\"},{\"@type\":\"ListItem\",\"position\":2,\"name\":\"Cookies-Richtlinie\"}]},{\"@type\":\"WebSite\",\"@id\":\"https:\\\/\\\/www.woodandlakes.be\\\/de\\\/#website\",\"url\":\"https:\\\/\\\/www.woodandlakes.be\\\/de\\\/\",\"name\":\"Wood &amp; Lakes\",\"description\":\"\",\"potentialAction\":[{\"@type\":\"SearchAction\",\"target\":{\"@type\":\"EntryPoint\",\"urlTemplate\":\"https:\\\/\\\/www.woodandlakes.be\\\/de\\\/?s={search_term_string}\"},\"query-input\":{\"@type\":\"PropertyValueSpecification\",\"valueRequired\":true,\"valueName\":\"search_term_string\"}}],\"inLanguage\":\"de\"}]}<\/script>\n<!-- \/ Yoast SEO plugin. -->","yoast_head_json":{"title":"Cookies-Richtlinie - Wood &amp; Lakes","robots":{"index":"index","follow":"follow","max-snippet":"max-snippet:-1","max-image-preview":"max-image-preview:large","max-video-preview":"max-video-preview:-1"},"canonical":"https:\/\/www.woodandlakes.be\/de\/cookies-richtlinie\/","og_locale":"de_DE","og_type":"article","og_title":"Cookies-Richtlinie - Wood &amp; Lakes","og_description":"Die vorliegende Erkl\u00e4rung zur Nutzung von Cookies gilt f\u00fcr die Website _______. Die Website wird betrieben von _______ mit Sitz in _______. Diese Erkl\u00e4rung soll den Nutzer der Website \u00fcber die auf der Website verwendeten Cookies informieren. Indem Sie die Website besuchen oder nutzen, stimmen Sie der Verwendung von Cookies in der unten beschriebenen Weise [&hellip;]","og_url":"https:\/\/www.woodandlakes.be\/de\/cookies-richtlinie\/","og_site_name":"Wood &amp; Lakes","article_modified_time":"2025-02-04T14:03:22+00:00","twitter_card":"summary_large_image","twitter_misc":{"Gesch\u00e4tzte Lesezeit":"3\u00a0Minuten"},"schema":{"@context":"https:\/\/schema.org","@graph":[{"@type":"WebPage","@id":"https:\/\/www.woodandlakes.be\/de\/cookies-richtlinie\/","url":"https:\/\/www.woodandlakes.be\/de\/cookies-richtlinie\/","name":"Cookies-Richtlinie - Wood &amp; Lakes","isPartOf":{"@id":"https:\/\/www.woodandlakes.be\/de\/#website"},"datePublished":"2023-10-31T11:18:04+00:00","dateModified":"2025-02-04T14:03:22+00:00","breadcrumb":{"@id":"https:\/\/www.woodandlakes.be\/de\/cookies-richtlinie\/#breadcrumb"},"inLanguage":"de","potentialAction":[{"@type":"ReadAction","target":["https:\/\/www.woodandlakes.be\/de\/cookies-richtlinie\/"]}]},{"@type":"BreadcrumbList","@id":"https:\/\/www.woodandlakes.be\/de\/cookies-richtlinie\/#breadcrumb","itemListElement":[{"@type":"ListItem","position":1,"name":"Home","item":"https:\/\/www.woodandlakes.be\/de\/startseite\/"},{"@type":"ListItem","position":2,"name":"Cookies-Richtlinie"}]},{"@type":"WebSite","@id":"https:\/\/www.woodandlakes.be\/de\/#website","url":"https:\/\/www.woodandlakes.be\/de\/","name":"Wood &amp; Lakes","description":"","potentialAction":[{"@type":"SearchAction","target":{"@type":"EntryPoint","urlTemplate":"https:\/\/www.woodandlakes.be\/de\/?s={search_term_string}"},"query-input":{"@type":"PropertyValueSpecification","valueRequired":true,"valueName":"search_term_string"}}],"inLanguage":"de"}]}},"_links":{"self":[{"href":"https:\/\/www.woodandlakes.be\/de\/wp-json\/wp\/v2\/pages\/1177","targetHints":{"allow":["GET"]}}],"collection":[{"href":"https:\/\/www.woodandlakes.be\/de\/wp-json\/wp\/v2\/pages"}],"about":[{"href":"https:\/\/www.woodandlakes.be\/de\/wp-json\/wp\/v2\/types\/page"}],"author":[{"embeddable":true,"href":"https:\/\/www.woodandlakes.be\/de\/wp-json\/wp\/v2\/users\/1"}],"replies":[{"embeddable":true,"href":"https:\/\/www.woodandlakes.be\/de\/wp-json\/wp\/v2\/comments?post=1177"}],"version-history":[{"count":3,"href":"https:\/\/www.woodandlakes.be\/de\/wp-json\/wp\/v2\/pages\/1177\/revisions"}],"predecessor-version":[{"id":1180,"href":"https:\/\/www.woodandlakes.be\/de\/wp-json\/wp\/v2\/pages\/1177\/revisions\/1180"}],"wp:attachment":[{"href":"https:\/\/www.woodandlakes.be\/de\/wp-json\/wp\/v2\/media?parent=1177"}],"curies":[{"name":"wp","href":"https:\/\/api.w.org\/{rel}","templated":true}]}}